



{"id":13600,"date":"2022-01-01T16:37:54","date_gmt":"2022-01-01T14:37:54","guid":{"rendered":"https:\/\/lahdenseudunsukututkijat.com\/wordpress\/?page_id=13600"},"modified":"2024-01-08T22:53:06","modified_gmt":"2024-01-08T20:53:06","slug":"hallitus-vuonna-2022","status":"publish","type":"page","link":"https:\/\/lahdenseudunsukututkijat.com\/wordpress\/hallitus-vuonna-2022\/","title":{"rendered":"Hallitus vuonna 2023"},"content":{"rendered":"\n<div class=\"wp-block-media-text alignwide is-stacked-on-mobile is-vertically-aligned-top\" style=\"grid-template-columns:26% auto\"><figure class=\"wp-block-media-text__media\"><img loading=\"lazy\" decoding=\"async\" width=\"745\" height=\"889\" src=\"https:\/\/lahdenseudunsukututkijat.com\/wordpress\/wp-content\/uploads\/2022\/01\/Riitta-Kokko-Parikka.jpg\" alt=\"\" class=\"wp-image-13588 size-full\" srcset=\"https:\/\/lahdenseudunsukututkijat.com\/wordpress\/wp-content\/uploads\/2022\/01\/Riitta-Kokko-Parikka.jpg 745w, https:\/\/lahdenseudunsukututkijat.com\/wordpress\/wp-content\/uploads\/2022\/01\/Riitta-Kokko-Parikka-251x300.jpg 251w\" sizes=\"auto, (max-width: 745px) 100vw, 745px\" \/><\/figure><div class=\"wp-block-media-text__content\">\n<h2 class=\"wp-block-heading\">Puheenjohtaja 22.8.2023 asti Riitta Kokko-Parikka (ero el\u00e4m\u00e4ntilanteen muuttumisen vuoksi)<\/h2>\n\n\n\n<p><\/p>\n<\/div><\/div>\n\n\n\n<div class=\"wp-block-media-text alignwide is-stacked-on-mobile is-vertically-aligned-top advgb-dyn-8f1b18f5\" style=\"grid-template-columns:26% auto\"><figure class=\"wp-block-media-text__media\"><img loading=\"lazy\" decoding=\"async\" width=\"831\" height=\"1024\" src=\"https:\/\/lahdenseudunsukututkijat.com\/wordpress\/wp-content\/uploads\/2023\/01\/LSST-1-831x1024.jpg\" alt=\"\" class=\"wp-image-18031 size-full\" srcset=\"https:\/\/lahdenseudunsukututkijat.com\/wordpress\/wp-content\/uploads\/2023\/01\/LSST-1-831x1024.jpg 831w, https:\/\/lahdenseudunsukututkijat.com\/wordpress\/wp-content\/uploads\/2023\/01\/LSST-1-244x300.jpg 244w, https:\/\/lahdenseudunsukututkijat.com\/wordpress\/wp-content\/uploads\/2023\/01\/LSST-1-768x946.jpg 768w, https:\/\/lahdenseudunsukututkijat.com\/wordpress\/wp-content\/uploads\/2023\/01\/LSST-1-1247x1536.jpg 1247w, https:\/\/lahdenseudunsukututkijat.com\/wordpress\/wp-content\/uploads\/2023\/01\/LSST-1-1663x2048.jpg 1663w\" sizes=\"auto, (max-width: 831px) 100vw, 831px\" \/><\/figure><div class=\"wp-block-media-text__content\">\n<h2 class=\"wp-block-heading advgb-dyn-b389f472\">Puheenjohtaja 13.9.2023 alkaen (varapuheenjohtaja 13.9.2023 asti) Juha Ilmoniemi, juha(at)ilmoniemi.fi, puh. 044 3093000<\/h2>\n\n\n\n<p><\/p>\n\n\n\n<p>Olen syntynyt Keuruulla ja p\u00e4\u00e4tynyt Lahden seudulle joidenkin mutkien kautta 1988.<br>Minulle aivan vieras, viel\u00e4p\u00e4 oudolla sukunimella oleva henkil\u00f6 otti minuun yhteytt\u00e4 1980-luvulla ja kyseli, ett\u00e4 olisimmeko sukua. Olimmehan me sukua ja h\u00e4n on minun pikkuserkkuni. T\u00e4ll\u00f6in ensimm\u00e4isen kerran tuli mieleen, ett\u00e4 mist\u00e4h\u00e4n sit\u00e4 on oikein tultu. Kuitenkin vasta 1990-luvun puolessa v\u00e4lin aloin ker\u00e4t\u00e4 aineistoa ja vied\u00e4 sit\u00e4 tietokoneelle. Sukujuureni \u00e4idin \u00e4idin puolelta ovat Muolaassa, Kuismia ja \u00e4idin is\u00e4n puolelta Pohjois-Pirkanmaalta. Juuret is\u00e4n is\u00e4n puolelta Jyv\u00e4skyl\u00e4n maalaiskunnassa ja is\u00e4n \u00e4idin puolelta Vierem\u00e4lt\u00e4, Pehkosia. Juurieni tutkimista ja tuntemista on helpottanut se, ett\u00e4 monet muutkin ovat tutkineet suvun eri haaroja.<\/p>\n\n\n\n<p>Geneettinen sukututkimus asiana oli kiinnostanut pitk\u00e4\u00e4n, mutta vasta 2018 alussa p\u00e4\u00e4sin k\u00e4yt\u00e4nn\u00f6n toimiin. Kimmokkeena oli \u00e4itini vanhemmalla i\u00e4ll\u00e4 lis\u00e4\u00e4ntynyt halu tiet\u00e4\u00e4, ett\u00e4 kuka h\u00e4nen is\u00e4ns\u00e4 oli. Otin h\u00e4nest\u00e4 DNA-n\u00e4ytteen ja muutamien mutkien j\u00e4lkeen \u00e4idin is\u00e4n suku l\u00f6ytyi. Valitettavasti \u00e4itini kuoli ennenkuin h\u00e4n sai t\u00e4m\u00e4n tiedon. Olen teett\u00e4nyt my\u00f6s BIG Y-testin (R-FT196338) samoin mitokondriotestin (J1c5).<\/p>\n\n\n\n<p>Olen j\u00e4senen\u00e4 Kuisman sukuseurassa ja samoin Voutilaisten &amp; Smolanderien sukuseurassa sek\u00e4 hallituksen j\u00e4senen\u00e4 Sukuseurojen keskusliitossa.<\/p>\n\n\n\n<p>Lahden seudun sukututkijat on hieno yhteis\u00f6. Kiitos, ett\u00e4 saan olla mukana.<\/p>\n<\/div><\/div>\n\n\n\n<div class=\"wp-block-media-text alignwide is-stacked-on-mobile is-vertically-aligned-top advgb-dyn-59b9d985\" style=\"grid-template-columns:26% auto\"><figure class=\"wp-block-media-text__media\"><img loading=\"lazy\" decoding=\"async\" width=\"640\" height=\"640\" src=\"https:\/\/lahdenseudunsukututkijat.com\/wordpress\/wp-content\/uploads\/2022\/01\/Paivi-Valtonen.jpg\" alt=\"\" class=\"wp-image-13686 size-full\" srcset=\"https:\/\/lahdenseudunsukututkijat.com\/wordpress\/wp-content\/uploads\/2022\/01\/Paivi-Valtonen.jpg 640w, https:\/\/lahdenseudunsukututkijat.com\/wordpress\/wp-content\/uploads\/2022\/01\/Paivi-Valtonen-300x300.jpg 300w, https:\/\/lahdenseudunsukututkijat.com\/wordpress\/wp-content\/uploads\/2022\/01\/Paivi-Valtonen-150x150.jpg 150w, https:\/\/lahdenseudunsukututkijat.com\/wordpress\/wp-content\/uploads\/2022\/01\/Paivi-Valtonen-50x50.jpg 50w, https:\/\/lahdenseudunsukututkijat.com\/wordpress\/wp-content\/uploads\/2022\/01\/Paivi-Valtonen-45x45.jpg 45w\" sizes=\"auto, (max-width: 640px) 100vw, 640px\" \/><\/figure><div class=\"wp-block-media-text__content\">\n<h2 class=\"wp-block-heading advgb-dyn-378d1727\" id=\"hallituksen-jasen-paivi-valtonen-perinteisen-sukututkimuksen-neuvoja-valtonenps-at-gmail-com\">Varapuheenjohtaja 13.9.2023 alkaen P\u00e4ivi Valtonen, valtonenps(at)gmail.com <\/h2>\n\n\n\n<p>Olen ollut kiinnostunut historiasta ja suvusta koko ik\u00e4ni ja aloitellut sukututkimusta joskus 1990-luvulla. Kiinnostus her\u00e4si aluksi Peuronius- ja my\u00f6hemmin Nyqvist-sukujen my\u00f6t\u00e4, tutkimus kuitenkin j\u00e4i ty\u00f6kiireiden vuoksi. Palasin sukututkimuksen pariin reilut 10 vuotta sitten ja pian tutkimus veikin koko k\u00e4den. Osallistuin useille sukututkimuskursseille, mm. Erkki Kiurun kursseille Wellamo-opistossa, mit\u00e4 kautta p\u00e4\u00e4dyin my\u00f6s Lahden seudun sukututkijat ry:n j\u00e4seneksi. Tiedonjanon kasvaessa aloin historian opinnot Tampereen avoimessa yliopistossa ja osallistun edelleen erilaisille sukututkimuskursseille. Itse opetan sukututkimusta ja vanhoja k\u00e4sialoja Valkeakoski-opistossa.<\/p>\n\n\n\n<p>Sukujuureni ovat is\u00e4ni puolelta K\u00e4rk\u00f6l\u00e4ss\u00e4 ja naapurikunnissa sek\u00e4 Iitiss\u00e4. \u00c4itini sukujuuret menev\u00e4t Savoon ja Karjalaan. Olen tutkinut molempien vanhempieni sukulinjoja perinteisesti sek\u00e4 ottamalla tueksi DNA-testit. Sukuseuroista kuulun t\u00e4ll\u00e4 hetkell\u00e4 Tynkkysen sukuseuraan ja selvittelen Tynkkysten sukulinjoja useamman kunnan alueella.<\/p>\n<\/div><\/div>\n\n\n\n<div class=\"wp-block-media-text alignwide is-stacked-on-mobile is-vertically-aligned-top advgb-dyn-5a96b758\" style=\"grid-template-columns:26% auto\"><figure class=\"wp-block-media-text__media\"><img loading=\"lazy\" decoding=\"async\" width=\"305\" height=\"406\" src=\"https:\/\/lahdenseudunsukututkijat.com\/wordpress\/wp-content\/uploads\/2023\/01\/Pauli-Helen-2021-1-1.jpg\" alt=\"\" class=\"wp-image-18012 size-full\" srcset=\"https:\/\/lahdenseudunsukututkijat.com\/wordpress\/wp-content\/uploads\/2023\/01\/Pauli-Helen-2021-1-1.jpg 305w, https:\/\/lahdenseudunsukututkijat.com\/wordpress\/wp-content\/uploads\/2023\/01\/Pauli-Helen-2021-1-1-225x300.jpg 225w\" sizes=\"auto, (max-width: 305px) 100vw, 305px\" \/><\/figure><div class=\"wp-block-media-text__content\">\n<h2 class=\"wp-block-heading advgb-dyn-b01bed2a\">Sihteeri, P\u00e4ij\u00e4t-H\u00e4meen talonhaltijaluettelohankkeen Hollolan ja Koski HL:n ty\u00f6ryhmien vet\u00e4j\u00e4 Pauli Hel\u00e9n, phelen(at)kolumbus.fi<\/h2>\n\n\n\n<p>Olen sukututkimuksen ja etel\u00e4h\u00e4m\u00e4l\u00e4isen paikallishistorian harrastaja. Ensimm\u00e4iset muistiinpanot tein noin 50 vuotta sitten. Bucht- ja Huilla-suvuista olen tehnyt kaksi sukukirjaa. Olen L\u00e4nsi-Hollolan kyl\u00e4kirjan toimittaja ja L\u00e4nsi-Hollolan paikannimist\u00f6kirjan toinen kirjoittaja. Suku- ja kyl\u00e4kirjan yhdistelm\u00e4n olen tehnyt Hyrkk\u00e4l\u00e4n, J\u00e4rvenp\u00e4\u00e4n ja Putulan kylist\u00e4. Kirjoituksiani on Hollolan kotiseutukirjassa, Tuisku-lehdess\u00e4 ja Sukusissa. Olen my\u00f6s Tuisku-Camenaeus sukuseuran entinen puheenjohtaja.<\/p>\n<\/div><\/div>\n\n\n\n<div class=\"wp-block-media-text alignwide is-stacked-on-mobile is-vertically-aligned-top advgb-dyn-57bedd70\" style=\"grid-template-columns:26% auto\"><figure class=\"wp-block-media-text__media\"><img loading=\"lazy\" decoding=\"async\" width=\"815\" height=\"1024\" src=\"https:\/\/lahdenseudunsukututkijat.com\/wordpress\/wp-content\/uploads\/2022\/10\/AinoHelle-1-815x1024.jpg\" alt=\"\" class=\"wp-image-17219 size-full\" srcset=\"https:\/\/lahdenseudunsukututkijat.com\/wordpress\/wp-content\/uploads\/2022\/10\/AinoHelle-1-815x1024.jpg 815w, https:\/\/lahdenseudunsukututkijat.com\/wordpress\/wp-content\/uploads\/2022\/10\/AinoHelle-1-239x300.jpg 239w, https:\/\/lahdenseudunsukututkijat.com\/wordpress\/wp-content\/uploads\/2022\/10\/AinoHelle-1-768x965.jpg 768w, https:\/\/lahdenseudunsukututkijat.com\/wordpress\/wp-content\/uploads\/2022\/10\/AinoHelle-1-1222x1536.jpg 1222w, https:\/\/lahdenseudunsukututkijat.com\/wordpress\/wp-content\/uploads\/2022\/10\/AinoHelle-1.jpg 1526w\" sizes=\"auto, (max-width: 815px) 100vw, 815px\" \/><\/figure><div class=\"wp-block-media-text__content\">\n<h2 class=\"wp-block-heading advgb-dyn-59bb9834\">Hallituksen j\u00e4sen, Hyvink\u00e4\u00e4n j\u00e4sentapaamisten vet\u00e4j\u00e4 Aino Helle, aino.helle(at)elisanet.fi<\/h2>\n\n\n\n<p>Edell\u00e4mainittujen teht\u00e4vien lis\u00e4ksi toimin yhdistyksen verkkosivujen teknisen\u00e4 yll\u00e4pit\u00e4j\u00e4n\u00e4 (yllapitaja(at)lahdenseudunsukututkijat.com) ja tarvittaessa entinen yll\u00e4pit\u00e4j\u00e4 Matti Jaakkola on luvannut auttaa vaikeimmissa yll\u00e4pitoasioissa.<\/p>\n\n\n\n<p>Olen syntynyt Helsingiss\u00e4 mutta asunut vuodesta 2014 l\u00e4htien Hyvink\u00e4\u00e4ll\u00e4. Sukututkimusharrastuksen aloitin 1996, jolloin osallistuin sukututkimuskurssille ja olin mukana perustamassa sukututkimusyhdistyst\u00e4 Kirkkonummelle toimienuseita vuosia sen hallituksessakin. Tutkimuksissani keskityin aluksi \u00e4itini sukujuuriin, sill\u00e4 is\u00e4ni puoleista sukua oli jo tutkittu melko pitk\u00e4lle.<\/p>\n\n\n\n<p>\u00c4itini poismenon j\u00e4lkeen 2001 sukututkimusharrastus j\u00e4i vuosikausiksi v\u00e4hemm\u00e4lle kunnes amerikanserkkuni innostamana aktivoiduin uudelleen niin perinteisen kuin my\u00f6s geneettisen sukututkimuksen pariin. 2018 teetin DNA-testit itselleni ja usealle l\u00e4hipiiriini kuuluvalle ja aloin my\u00f6s k\u00e4ytt\u00e4\u00e4 Geni\u00e4. Samana vuonna liityin Lahden seudun sukututkijoihin k\u00e4yty\u00e4ni ensin muutaman kerran Erkki Kiurun vet\u00e4miss\u00e4 DNA-illoissa. Siit\u00e4 alkaen olen ollut taas kunnolla koukussa ja tutkimukset ovat laajentuneet kattamaan muitakin kuin omia sukujani.<\/p>\n\n\n\n<p>DNA-testien avulla pyrin vahvistamaan muun muassa sen, oliko \u00e4itini tietois\u00e4st\u00e4\u00e4n oikea, mik\u00e4 vie tutkimukset Ruovedelle. \u00c4itini \u00e4idin puoleiset sukujuuret ovat Etel\u00e4-Pohjanmaalta samoin kuin my\u00f6s is\u00e4ni sukujuuretp\u00e4\u00e4osin, ja v\u00e4lill\u00e4 tuntuu, ett\u00e4 siell\u00e4 l\u00e4hes kaikki ovat jollain lailla sukua kesken\u00e4\u00e4n. Is\u00e4linjani (R1a -&gt; R-BY98049) vie Kauhajoen Havuseen Tyni Hannunpoikaan ja \u00e4itilinjani Teuvan Kauppilaan ja Hakalaan ToraOlavintytt\u00e4reen (H27), mutta sekalinjoja pitkin molemmat ovat esivanhempiani niin is\u00e4ni kuin \u00e4itini puolelta.<\/p>\n\n\n\n<p>H\u00e4meeseen sukujuureni tulevat Ruoveden lis\u00e4ksi is\u00e4npuoleisen isois\u00e4ni \u00e4idin kautta, joka oli syntynyt Asikkalassa ja jonka \u00e4iti oli syntyisin Lammilta. Isois\u00e4ni lapsuudenperhe asui Hollolan Lahdessa 1800-luvun lopulta alkaen ja Hollolassa on my\u00f6s sukuhauta. Lis\u00e4ksi lasteni is\u00e4n suku on puoliksi H\u00e4meest\u00e4.<\/p>\n<\/div><\/div>\n\n\n\n<div class=\"wp-block-media-text alignwide is-stacked-on-mobile is-vertically-aligned-top advgb-dyn-1d765c15\" style=\"grid-template-columns:26% auto\"><figure class=\"wp-block-media-text__media\"><img loading=\"lazy\" decoding=\"async\" width=\"785\" height=\"1024\" src=\"https:\/\/lahdenseudunsukututkijat.com\/wordpress\/wp-content\/uploads\/2022\/01\/Hannele-Mononen-785x1024.jpg\" alt=\"\" class=\"wp-image-13646 size-full\" srcset=\"https:\/\/lahdenseudunsukututkijat.com\/wordpress\/wp-content\/uploads\/2022\/01\/Hannele-Mononen-785x1024.jpg 785w, https:\/\/lahdenseudunsukututkijat.com\/wordpress\/wp-content\/uploads\/2022\/01\/Hannele-Mononen-230x300.jpg 230w, https:\/\/lahdenseudunsukututkijat.com\/wordpress\/wp-content\/uploads\/2022\/01\/Hannele-Mononen-768x1002.jpg 768w, https:\/\/lahdenseudunsukututkijat.com\/wordpress\/wp-content\/uploads\/2022\/01\/Hannele-Mononen.jpg 1000w\" sizes=\"auto, (max-width: 785px) 100vw, 785px\" \/><\/figure><div class=\"wp-block-media-text__content\">\n<h2 class=\"wp-block-heading advgb-dyn-1952ef34\" id=\"hallituksen-jasen-hannele-mononen-puh-0440-465477-rihamono-at-gmail-com\">Hallituksen j\u00e4sen, kirjastonhoitaja Hannele Mononen, rihamono(at)gmail.com, puh. 0440 465477<\/h2>\n\n\n\n<p>Olen syntynyt Asikkalan Reivil\u00e4ss\u00e4 ja Helsingin ja Espoon kautta p\u00e4\u00e4tynyt Hyvink\u00e4\u00e4lle. \u00c4idin puolelta kuulun Virmailan sukuun, h\u00e4n on Padasjoen Mainiemen Niemisi\u00e4 is\u00e4ns\u00e4 puolelta ja Kuhmoisten Sarkasia \u00e4itins\u00e4 puolelta.<\/p>\n\n\n\n<p>Ensimm\u00e4isen sukututkimuskurssini olen k\u00e4ynyt Hyvink\u00e4\u00e4ll\u00e4 Teuvo Ikosen johdolla 2010-luvun alussa. Kurssille minua innosti is\u00e4ni \u00e4idin puoleinen suku ja siell\u00e4 muutama mamman serkku, joista aina lapsena kuulin, mutten koskaan mit\u00e4\u00e4n kysynyt ja sek\u00f6s nyt \u00e4rsytt\u00e4\u00e4. Liityin Lahden seudun sukututkijoihin ja sit\u00e4 kautta on tietoni lis\u00e4\u00e4ntynyt hurjasti, mutta toisaalta minulle on my\u00f6s selvinnyt, ett\u00e4 miten v\u00e4h\u00e4n tied\u00e4n.<\/p>\n\n\n\n<p>Is\u00e4ni \u00e4idin isois\u00e4 oli Harvialan kartanon torpparin poika Vanajasta ja is\u00e4ns\u00e4 osti vanhimmalle pojalleen Reivil\u00e4st\u00e4 maatalon. Henrik Kustaan vaimo on Reivil\u00e4st\u00e4. N\u00e4iden kahden kautta sukua l\u00f6ytyy hyvin paljon l\u00e4hikunnista Hollola, H\u00e4meenkoski ja Lammi.<\/p>\n\n\n\n<p>Is\u00e4n is\u00e4 on Hollolan Heinlammilta Eskolasta, joka on 1600-luvulta l\u00e4htien Eskolan rustholli, v\u00e4lill\u00e4 my\u00f6s Sudennahkan rusthollina mainittu.<\/p>\n\n\n\n<p>Tavoitteeni t\u00e4ll\u00e4 hetkell\u00e4 on saada selville Henrik Kustaan sisarusten perheet ja ainakin n\u00e4m\u00e4 mystiset serkut Aku Salo ja Usko Niinivaara ja liittymisens\u00e4 Henrik Kustaaseen. Ongelmana on my\u00f6s Henrik Kustaan \u00e4iti, joka on syntynyt Lammilla. Olisihan se hienoa p\u00e4\u00e4st\u00e4 vanhempiinkin aikoihin.<\/p>\n\n\n\n<p>Toissijaisesti yrit\u00e4n tutkia my\u00f6s mieheni sukua Monoset. H\u00e4nen is\u00e4ns\u00e4 on syntynyt Viipurissa ja pappansa Savonrannassa ja mammansa Muolaalla. Evakkoina he asettuivat H\u00e4meenlinnaan ja pappa Mononen jatkoi suutarina. Mamma-Mononen vastusti jyrk\u00e4sti Neuvostoliittoa. H\u00e4n ei ilmeisesti koskaan toipunut sodasta. En h\u00e4nt\u00e4 koskaan tavannut eik\u00e4 mieheni siit\u00e4 tiennyt tarkemmin.<\/p>\n\n\n\n<p>Geenitutkimuksesta olen my\u00f6s kiinnostunut ja olen 78 % suomalainen ja loput It\u00e4- ja Keski-euroopasta. Testej\u00e4 olen teett\u00e4nyt my\u00f6s sukulaisilleni.<\/p>\n<\/div><\/div>\n\n\n\n<div class=\"wp-block-media-text alignwide is-stacked-on-mobile is-vertically-aligned-top advgb-dyn-7c165ce8\" style=\"grid-template-columns:26% auto\"><figure class=\"wp-block-media-text__media\"><img loading=\"lazy\" decoding=\"async\" width=\"1024\" height=\"768\" src=\"https:\/\/lahdenseudunsukututkijat.com\/wordpress\/wp-content\/uploads\/2022\/10\/Tollojen-pelloilla-1-1024x768.jpeg\" alt=\"\" class=\"wp-image-17247 size-full\" srcset=\"https:\/\/lahdenseudunsukututkijat.com\/wordpress\/wp-content\/uploads\/2022\/10\/Tollojen-pelloilla-1-1024x768.jpeg 1024w, https:\/\/lahdenseudunsukututkijat.com\/wordpress\/wp-content\/uploads\/2022\/10\/Tollojen-pelloilla-1-300x225.jpeg 300w, https:\/\/lahdenseudunsukututkijat.com\/wordpress\/wp-content\/uploads\/2022\/10\/Tollojen-pelloilla-1-768x576.jpeg 768w, https:\/\/lahdenseudunsukututkijat.com\/wordpress\/wp-content\/uploads\/2022\/10\/Tollojen-pelloilla-1.jpeg 1440w\" sizes=\"auto, (max-width: 1024px) 100vw, 1024px\" \/><\/figure><div class=\"wp-block-media-text__content\">\n<h2 class=\"wp-block-heading\">Hallituksen j\u00e4sen 13.9.2023 alkaen, Hausj\u00e4rven sukututkimuspiirin vet\u00e4j\u00e4 Olli Pihlflyckt,<br>olli.ristonpoika(at)gmail.com<\/h2>\n\n\n\n<p>Olen syntynyt Hausj\u00e4rven Hiki\u00e4ss\u00e4. Siell\u00e4 olen my\u00f6s asunut ja ty\u00f6skennellyt melkein koko ik\u00e4ni. Viisi vuotta sitten muutin keskelle H\u00e4meenlinnan kaupunkia. \u00c4itini sukujuuret ovat P\u00e4ij\u00e4nteen it\u00e4puoleisessa Suomessa ja is\u00e4ni juuret l\u00e4nsipuoleisessa. N\u00e4in ainakin toistaiseksi, ellei sukututkimus tule muuta osoittamaan.<\/p>\n\n\n\n<p>Ensimm\u00e4inen tutustuminen juuriini tapahtui jo lapsuudessa. Hollolalaisen rakuuna Erik Pihlflycktin ja h\u00e4nen puolisonsa Esteri Juhontytt\u00e4ren j\u00e4lkel\u00e4isist\u00e4 k\u00e4sin piirretty sukupuu oli lapsen mielest\u00e4 ihmeellinen. Sittemmin olen saanut olla vet\u00e4m\u00e4ss\u00e4 t\u00e4m\u00e4n Pihlflyckt-suvun sukutapaamisia.<\/p>\n\n\n\n<p>Varsinaisen sukututkimuksen aloitin 90-luvulla Hausj\u00e4rven kansalaisopiston kurssilla. Yhdess\u00e4 toimiminen vei minut j\u00e4seneksi Hyvink\u00e4\u00e4n sukututkijoihin. T\u00e4m\u00e4n yhdistyksen toiminta pettymyksekseni sammui kokonaan. T\u00e4ll\u00e4 hetkell\u00e4 kuulun Lahden seudun sukututkijoiden lis\u00e4ksi my\u00f6s H\u00e4meenlinnan sukututkimusseuraan.<\/p>\n\n\n\n<p>Muutama vuosi sitten tekem\u00e4ni DNA-testi on uusi vaihe harrastuksessani. Se on my\u00f6s yll\u00e4tt\u00e4nyt tuomalla uuden, ennalta tuntemattoman sukulaisen melkein perheenj\u00e4seneksi.<\/p>\n\n\n\n<p>Toivon, ett\u00e4 Hausj\u00e4rven sukututkimuspiiri kokoaa yhteen hausj\u00e4rvel\u00e4isi\u00e4 sukuja tutkivat, Hausj\u00e4rvell\u00e4 asuvat sukututkijat ja kaikki muutkin, jotka haluavat kokoontua Hausj\u00e4rvell\u00e4 sukututkimuksen parissa. Itselleni yhdess\u00e4 muiden kanssa toimiminen antaa uutta potkua omille tutkimuksilleni. Oheisessa kuvassa, joka on vajaat kymmenen vuotta vanha, olen juuri p\u00e4\u00e4ssyt tutustumaan ensimm\u00e4ist\u00e4 kertaa \u00e4itini suvun omistuksessa olleisiin peltoihin Viipurin l\u00e4\u00e4nin Uudellakirkolla.<\/p>\n<\/div><\/div>\n\n\n\n<p><\/p>\n\n\n\n<div class=\"wp-block-media-text alignwide is-stacked-on-mobile is-vertically-aligned-top advgb-dyn-6238f3f8\" style=\"grid-template-columns:26% auto\"><figure class=\"wp-block-media-text__media\"><img loading=\"lazy\" decoding=\"async\" width=\"670\" height=\"667\" src=\"https:\/\/lahdenseudunsukututkijat.com\/wordpress\/wp-content\/uploads\/2023\/01\/Sallinen_Eira.jpg\" alt=\"\" class=\"wp-image-18096 size-full\" srcset=\"https:\/\/lahdenseudunsukututkijat.com\/wordpress\/wp-content\/uploads\/2023\/01\/Sallinen_Eira.jpg 670w, https:\/\/lahdenseudunsukututkijat.com\/wordpress\/wp-content\/uploads\/2023\/01\/Sallinen_Eira-300x300.jpg 300w, https:\/\/lahdenseudunsukututkijat.com\/wordpress\/wp-content\/uploads\/2023\/01\/Sallinen_Eira-150x150.jpg 150w\" sizes=\"auto, (max-width: 670px) 100vw, 670px\" \/><\/figure><div class=\"wp-block-media-text__content\">\n<h2 class=\"wp-block-heading advgb-dyn-980e5bbc\">Hallituksen j\u00e4sen Eira S\u00e4llinen,  eira.sallinen(at)hotmail.fi, puh. 0440 473986<\/h2>\n\n\n\n<p>Olen syntynyt Hein\u00e4vedell\u00e4. Lahteen tulimme 1970.<\/p>\n\n\n\n<p>Is\u00e4n suku on Savosta, is\u00e4nis\u00e4 syntynyt Kuopion msrk. Koposia ja is\u00e4n\u00e4iti Hein\u00e4vedelt\u00e4 Karvisia.<\/p>\n\n\n\n<p>\u00c4idin suku on Salmista Paloj\u00e4rvelt\u00e4, \u00e4idinis\u00e4 on L\u00e4nkimestareita, l\u00f6ytyy my\u00f6s papan velji\u00e4 Ojala-nimell\u00e4 ja papan is\u00e4 Geroi.<\/p>\n\n\n\n<p>\u00c4idin \u00e4iti on os. Kuismin ja vanhemmat Tsoma.<\/p>\n\n\n\n<p>2000-luvun alussa innostuin sukuni tutkimisesta, serkkuni kanssa. Ty\u00f6ss\u00e4k\u00e4yv\u00e4n aika valitettavasti on rajallista, enk\u00e4 ole p\u00e4\u00e4ssyt niin paljon t\u00e4m\u00e4n harrastuksen pariin kuin haluaisin.&nbsp;&nbsp;LSST:n j\u00e4senen\u00e4 olen ollut kolmisen vuotta.<\/p>\n\n\n\n<p>Dna-testej\u00e4 suvussa on tehty vain yksi. 8 sisaruksesta kaikki veljeni ovat jo poisnukkuneet ja vanhin sisko.<\/p>\n<\/div><\/div>\n","protected":false},"excerpt":{"rendered":"<p>Puheenjohtaja 22.8.2023 asti Riitta Kokko-Parikka (ero el\u00e4m\u00e4ntilanteen muuttumisen vuoksi) Puheenjohtaja 13.9.2023 alkaen (varapuheenjohtaja 13.9.2023 asti) Juha Ilmoniemi, juha(at)ilmoniemi.fi, puh. 044 3093000 Olen syntynyt Keuruulla ja p\u00e4\u00e4tynyt Lahden seudulle joidenkin mutkien kautta 1988.Minulle aivan vieras, viel\u00e4p\u00e4 oudolla sukunimella oleva henkil\u00f6 otti minuun yhteytt\u00e4 1980-luvulla ja kyseli, ett\u00e4 olisimmeko sukua. Olimmehan me sukua ja h\u00e4n on minun [&hellip;]<\/p>\n","protected":false},"author":1,"featured_media":0,"parent":0,"menu_order":0,"comment_status":"closed","ping_status":"closed","template":"","meta":{"advgb_blocks_editor_width":"","advgb_blocks_columns_visual_guide":"","footnotes":""},"class_list":["post-13600","page","type-page","status-publish","hentry"],"coauthors":[],"author_meta":{"author_link":"https:\/\/lahdenseudunsukututkijat.com\/wordpress\/blog\/author\/paatunari\/","display_name":"Matti Jaakkola"},"relative_dates":{"created":"Julkaistu 4 vuotta sitten","modified":"P\u00e4ivitetty 2 vuotta sitten"},"absolute_dates":{"created":"Julkaistu 01\/01\/2022","modified":"P\u00e4ivitetty 08\/01\/2024"},"absolute_dates_time":{"created":"Julkaistu 01\/01\/2022 16:37","modified":"P\u00e4ivitetty 08\/01\/2024 22:53"},"featured_img_caption":"","featured_img":false,"series_order":"","_links":{"self":[{"href":"https:\/\/lahdenseudunsukututkijat.com\/wordpress\/wp-json\/wp\/v2\/pages\/13600","targetHints":{"allow":["GET"]}}],"collection":[{"href":"https:\/\/lahdenseudunsukututkijat.com\/wordpress\/wp-json\/wp\/v2\/pages"}],"about":[{"href":"https:\/\/lahdenseudunsukututkijat.com\/wordpress\/wp-json\/wp\/v2\/types\/page"}],"author":[{"embeddable":true,"href":"https:\/\/lahdenseudunsukututkijat.com\/wordpress\/wp-json\/wp\/v2\/users\/1"}],"replies":[{"embeddable":true,"href":"https:\/\/lahdenseudunsukututkijat.com\/wordpress\/wp-json\/wp\/v2\/comments?post=13600"}],"version-history":[{"count":0,"href":"https:\/\/lahdenseudunsukututkijat.com\/wordpress\/wp-json\/wp\/v2\/pages\/13600\/revisions"}],"wp:attachment":[{"href":"https:\/\/lahdenseudunsukututkijat.com\/wordpress\/wp-json\/wp\/v2\/media?parent=13600"}],"curies":[{"name":"wp","href":"https:\/\/api.w.org\/{rel}","templated":true}]}}