



{"id":61,"date":"2017-06-11T14:14:30","date_gmt":"2017-06-11T11:14:30","guid":{"rendered":"https:\/\/lahdenseudunsukututkijat.com\/wordpress\/?page_id=61"},"modified":"2021-04-10T14:20:20","modified_gmt":"2021-04-10T11:20:20","slug":"liittyminen-jaseneksi","status":"publish","type":"page","link":"https:\/\/lahdenseudunsukututkijat.com\/wordpress\/liittyminen-jaseneksi\/","title":{"rendered":"Liity j\u00e4seneksi"},"content":{"rendered":"\n\n\n\n\n<div class=\"wp-block-group has-light-blue-background-color has-background\"><div class=\"wp-block-group__inner-container is-layout-flow wp-block-group-is-layout-flow\">\n<p>J\u00e4senhakemuksen voit vaihtoehtoisesti ladata <a href=\"http:\/\/www.lahdenseudunsukututkijat.com\/dokumentit\/jasenhakemus.pdf\">Pdf-tiedostona<\/a> ja l\u00e4hett\u00e4\u00e4 osoitteeseen<\/p>\n\n\n\n<blockquote class=\"wp-block-quote is-style-default is-layout-flow wp-block-quote-is-layout-flow\"><p><b>V\u00e4in\u00e4m\u00f6isentie 2 A, 15200 Lahti<\/b><\/p><\/blockquote>\n\n\n\n<p>tai voit t\u00e4ytt\u00e4\u00e4 ja j\u00e4tt\u00e4\u00e4 hakemuksen jollekin toimihenkil\u00f6ist\u00e4mme tapahtumiemme yhteydess\u00e4.<\/p>\n\n\n\n<p>J\u00e4seneksiliittymislomakkeen l\u00e4hett\u00e4neet saavat s\u00e4hk\u00f6postilla infoviestin, jossa ovat j\u00e4senmaksun maksuohjeet, j\u00e4sensivujen salasana ym. t\u00e4rkeit\u00e4 tietoja uudelle j\u00e4senelle. <\/p>\n<\/div><\/div>\n","protected":false},"excerpt":{"rendered":"<p>J\u00e4senhakemuksen voit vaihtoehtoisesti ladata Pdf-tiedostona ja l\u00e4hett\u00e4\u00e4 osoitteeseen V\u00e4in\u00e4m\u00f6isentie 2 A, 15200 Lahti tai voit t\u00e4ytt\u00e4\u00e4 ja j\u00e4tt\u00e4\u00e4 hakemuksen jollekin toimihenkil\u00f6ist\u00e4mme tapahtumiemme yhteydess\u00e4. J\u00e4seneksiliittymislomakkeen l\u00e4hett\u00e4neet saavat s\u00e4hk\u00f6postilla infoviestin, jossa ovat j\u00e4senmaksun maksuohjeet, j\u00e4sensivujen salasana ym. t\u00e4rkeit\u00e4 tietoja uudelle j\u00e4senelle.<\/p>\n","protected":false},"author":1,"featured_media":0,"parent":0,"menu_order":0,"comment_status":"closed","ping_status":"closed","template":"","meta":{"advgb_blocks_editor_width":"","advgb_blocks_columns_visual_guide":"","footnotes":""},"class_list":["post-61","page","type-page","status-publish","hentry"],"coauthors":[],"author_meta":{"author_link":"https:\/\/lahdenseudunsukututkijat.com\/wordpress\/blog\/author\/paatunari\/","display_name":"Matti Jaakkola"},"relative_dates":{"created":"Julkaistu 9 vuotta sitten","modified":"P\u00e4ivitetty 5 vuotta sitten"},"absolute_dates":{"created":"Julkaistu 11\/06\/2017","modified":"P\u00e4ivitetty 10\/04\/2021"},"absolute_dates_time":{"created":"Julkaistu 11\/06\/2017 14:14","modified":"P\u00e4ivitetty 10\/04\/2021 14:20"},"featured_img_caption":"","featured_img":false,"series_order":"","_links":{"self":[{"href":"https:\/\/lahdenseudunsukututkijat.com\/wordpress\/wp-json\/wp\/v2\/pages\/61","targetHints":{"allow":["GET"]}}],"collection":[{"href":"https:\/\/lahdenseudunsukututkijat.com\/wordpress\/wp-json\/wp\/v2\/pages"}],"about":[{"href":"https:\/\/lahdenseudunsukututkijat.com\/wordpress\/wp-json\/wp\/v2\/types\/page"}],"author":[{"embeddable":true,"href":"https:\/\/lahdenseudunsukututkijat.com\/wordpress\/wp-json\/wp\/v2\/users\/1"}],"replies":[{"embeddable":true,"href":"https:\/\/lahdenseudunsukututkijat.com\/wordpress\/wp-json\/wp\/v2\/comments?post=61"}],"version-history":[{"count":0,"href":"https:\/\/lahdenseudunsukututkijat.com\/wordpress\/wp-json\/wp\/v2\/pages\/61\/revisions"}],"wp:attachment":[{"href":"https:\/\/lahdenseudunsukututkijat.com\/wordpress\/wp-json\/wp\/v2\/media?parent=61"}],"curies":[{"name":"wp","href":"https:\/\/api.w.org\/{rel}","templated":true}]}}